{"id":88631,"date":"2021-06-29T13:19:50","date_gmt":"2021-06-29T11:19:50","guid":{"rendered":"http:\/\/213.140.24.242\/kruzer\/?page_id=88631"},"modified":"2021-08-02T10:44:24","modified_gmt":"2021-08-02T08:44:24","slug":"aziende","status":"publish","type":"page","link":"http:\/\/213.140.24.242\/kruzer\/aziende\/","title":{"rendered":"Aziende"},"content":{"rendered":"<p>[vc_row unlock_row_content=&#8221;yes&#8221; row_height_percent=&#8221;50&#8243; override_padding=&#8221;yes&#8221; h_padding=&#8221;0&#8243; top_padding=&#8221;0&#8243; bottom_padding=&#8221;0&#8243; overlay_alpha=&#8221;50&#8243; equal_height=&#8221;yes&#8221; gutter_size=&#8221;0&#8243; column_width_percent=&#8221;100&#8243; shift_y=&#8221;0&#8243; z_index=&#8221;0&#8243;][vc_column width=&#8221;1\/2&#8243;][vc_row_inner row_inner_height_percent=&#8221;50&#8243; back_color=&#8221;color-lxmt&#8221; overlay_alpha=&#8221;50&#8243; gutter_size=&#8221;3&#8243; shift_y=&#8221;0&#8243; z_index=&#8221;0&#8243;][vc_column_inner column_width_percent=&#8221;100&#8243; gutter_size=&#8221;3&#8243; override_padding=&#8221;yes&#8221; column_padding=&#8221;4&#8243; overlay_alpha=&#8221;50&#8243; shift_x=&#8221;0&#8243; shift_y=&#8221;0&#8243; shift_y_down=&#8221;0&#8243; z_index=&#8221;0&#8243; medium_width=&#8221;0&#8243; mobile_width=&#8221;0&#8243; width=&#8221;1\/1&#8243;][vc_custom_heading heading_semantic=&#8221;h3&#8243; text_size=&#8221;h1&#8243; text_transform=&#8221;uppercase&#8221; text_space=&#8221;fontspace-781688&#8243; separator=&#8221;yes&#8221; separator_color=&#8221;yes&#8221;]AZIENDE[\/vc_custom_heading][vc_column_text]<span class=\"font-202503 font-377884\">Il regolamento europeo 679\/2016, pi\u00f9 noto come RGPD o GDPR, deve essere applicato da qualsiasi soggetto giuridico, pubblico o privato, anche no profit, che svolga la propria attivit\u00e0 all\u2019interno o all\u2019esterno del perimetro dell\u2019Unione Europea, nel momento in cui tratta i dati personali (sensibili e non) di persone fisiche residenti in Europa.<\/span><\/p>\n<p><span class=\"font-202503 font-377884\">Il GDPR deve essere applicato a prescindere dal fatturato, dal settore di attivit\u00e0, dalle dimensioni dell\u2019impresa e dalla sua tipologia.<\/span><\/p>\n<p><span class=\"font-202503 font-377884\">L\u2019errore di molte aziende \u00e8 quello di non sentirsi coinvolte nel processo del GDPR, perch\u00e9 operanti in un settore BtoB, caratterizzato da \u201cclienti azienda\u201d operanti nel settore manifatturiero, dimenticandosi per\u00f2 di trattare quotidianamente i dati personali dei loro dipendenti. Inoltre, alcuni aspetti della normativa vigente si possono riscontrare nelle attivit\u00e0 di marketing, nella gestione degli agenti, negli adempimenti da mettere in atto rispetto al portale web aziendale, nella videosorveglianza, etc.<\/span><\/p>\n<p><span class=\"font-202503 font-377884\">Ricordiamo gli step obbligatori per il raggiungimento dello stato di conformit\u00e0 alle attuali normative:<\/span>[\/vc_column_text][\/vc_column_inner][\/vc_row_inner][vc_row_inner row_inner_height_percent=&#8221;15&#8243; overlay_alpha=&#8221;50&#8243; equal_height=&#8221;yes&#8221; gutter_size=&#8221;0&#8243; shift_y=&#8221;0&#8243; z_index=&#8221;0&#8243; css=&#8221;.vc_custom_1626098393592{margin-top: 0px !important;}&#8221;][vc_column_inner column_width_percent=&#8221;100&#8243; gutter_size=&#8221;3&#8243; back_color=&#8221;color-rgdb&#8221; overlay_alpha=&#8221;50&#8243; shift_x=&#8221;0&#8243; shift_y=&#8221;0&#8243; shift_y_down=&#8221;0&#8243; z_index=&#8221;0&#8243; medium_width=&#8221;0&#8243; mobile_width=&#8221;0&#8243; width=&#8221;1\/2&#8243;][vc_icon icon=&#8221;fa fa-location&#8221; icon_color=&#8221;accent&#8221; size=&#8221;fa-5x&#8221; text_space=&#8221;fontspace-781688&#8243; css_animation=&#8221;zoom-out&#8221; animation_delay=&#8221;200&#8243; el_class=&#8221;text-white&#8221;]<\/p>\n<ul>\n<li>disamina dei processi dell\u2019impresa e loro impatto sul trattamento dei dati;<\/li>\n<li>raccolta di tutti i dati relativi i soggetti e i dispositivi coinvolti nelle attivit\u00e0 di trattamento;<\/li>\n<li>mappatura delle sedi operative; degli asset; dei soggetti (anche esterni);<\/li>\n<\/ul>\n<p>[\/vc_icon][\/vc_column_inner][vc_column_inner column_width_percent=&#8221;100&#8243; gutter_size=&#8221;3&#8243; back_color=&#8221;color-wayh&#8221; overlay_alpha=&#8221;50&#8243; shift_x=&#8221;0&#8243; shift_y=&#8221;0&#8243; shift_y_down=&#8221;0&#8243; z_index=&#8221;0&#8243; medium_width=&#8221;0&#8243; mobile_width=&#8221;0&#8243; width=&#8221;1\/2&#8243;][vc_icon icon=&#8221;fa fa-paper-stack&#8221; icon_color=&#8221;accent&#8221; size=&#8221;fa-5x&#8221; text_space=&#8221;fontspace-781688&#8243; css_animation=&#8221;zoom-out&#8221; animation_delay=&#8221;400&#8243; el_class=&#8221;text-white&#8221;]<\/p>\n<ul>\n<li>analisi dei rischi e degli impatti derivanti dai trattamenti e dalle misure di sicurezza in atto (rif: ISO 27001 e linee guida di ENISA);<\/li>\n<li>prescrizione delle misure idonee da adottare;<\/li>\n<li>compilazione dei registri dei trattamenti (titolare e responsabile esterno)<\/li>\n<\/ul>\n<p>[\/vc_icon][\/vc_column_inner][\/vc_row_inner][\/vc_column][vc_column column_width_percent=&#8221;100&#8243; gutter_size=&#8221;3&#8243; back_image=&#8221;89052&#8243; overlay_alpha=&#8221;50&#8243; shift_x=&#8221;0&#8243; shift_y=&#8221;0&#8243; shift_y_down=&#8221;0&#8243; z_index=&#8221;0&#8243; medium_visibility=&#8221;yes&#8221; medium_width=&#8221;0&#8243; mobile_visibility=&#8221;yes&#8221; mobile_width=&#8221;0&#8243; width=&#8221;1\/2&#8243;][\/vc_column][\/vc_row][vc_row unlock_row_content=&#8221;yes&#8221; row_height_percent=&#8221;50&#8243; override_padding=&#8221;yes&#8221; h_padding=&#8221;0&#8243; top_padding=&#8221;0&#8243; bottom_padding=&#8221;0&#8243; overlay_alpha=&#8221;50&#8243; equal_height=&#8221;yes&#8221; gutter_size=&#8221;0&#8243; column_width_percent=&#8221;100&#8243; shift_y=&#8221;0&#8243; z_index=&#8221;0&#8243;][vc_column column_width_percent=&#8221;100&#8243; gutter_size=&#8221;3&#8243; back_image=&#8221;89254&#8243; overlay_alpha=&#8221;50&#8243; shift_x=&#8221;0&#8243; shift_y=&#8221;0&#8243; shift_y_down=&#8221;0&#8243; z_index=&#8221;0&#8243; medium_width=&#8221;0&#8243; mobile_width=&#8221;0&#8243; width=&#8221;1\/2&#8243; mobile_height=&#8221;250px&#8221;][\/vc_column][vc_column width=&#8221;1\/2&#8243;][vc_row_inner row_inner_height_percent=&#8221;15&#8243; overlay_alpha=&#8221;50&#8243; equal_height=&#8221;yes&#8221; gutter_size=&#8221;0&#8243; shift_y=&#8221;0&#8243; z_index=&#8221;0&#8243;][vc_column_inner column_width_percent=&#8221;100&#8243; gutter_size=&#8221;3&#8243; back_color=&#8221;color-rgdb&#8221; overlay_alpha=&#8221;50&#8243; shift_x=&#8221;0&#8243; shift_y=&#8221;0&#8243; shift_y_down=&#8221;0&#8243; z_index=&#8221;0&#8243; medium_width=&#8221;0&#8243; mobile_width=&#8221;0&#8243; width=&#8221;1\/2&#8243;][vc_icon icon=&#8221;fa fa-head&#8221; icon_color=&#8221;accent&#8221; size=&#8221;fa-5x&#8221; text_space=&#8221;fontspace-781688&#8243; css_animation=&#8221;zoom-out&#8221; animation_delay=&#8221;200&#8243; el_class=&#8221;text-white&#8221;]<\/p>\n<ul>\n<li>nomine di: autorizzati; responsabili esterni;<\/li>\n<li>eventuali atti di contitolarit\u00e0 con le relative attribuzioni di responsabilit\u00e0;<\/li>\n<li>informative e consensi specifici (clienti, dipendenti, fornitori, sito web, tvcc, candidati, etc.)<\/li>\n<\/ul>\n<p>[\/vc_icon][\/vc_column_inner][vc_column_inner column_width_percent=&#8221;100&#8243; gutter_size=&#8221;3&#8243; back_color=&#8221;color-wayh&#8221; overlay_alpha=&#8221;50&#8243; shift_x=&#8221;0&#8243; shift_y=&#8221;0&#8243; shift_y_down=&#8221;0&#8243; z_index=&#8221;0&#8243; medium_width=&#8221;0&#8243; mobile_width=&#8221;0&#8243; width=&#8221;1\/2&#8243;][vc_icon icon=&#8221;fa fa-eye2&#8243; icon_color=&#8221;accent&#8221; size=&#8221;fa-5x&#8221; text_space=&#8221;fontspace-781688&#8243; css_animation=&#8221;zoom-out&#8221; animation_delay=&#8221;400&#8243; el_class=&#8221;text-white&#8221;]<\/p>\n<ul>\n<li>policy e procedure necessarie;<\/li>\n<li>pratiche e autorizzazioni per la videosorveglianza; la geolocalizzazione; l\u2019utilizzo di dati biometrici;<\/li>\n<li>formazione obbligatoria sui principi della protezione dei dati e la privacy.<\/li>\n<\/ul>\n<p>[\/vc_icon][\/vc_column_inner][\/vc_row_inner][vc_row_inner row_inner_height_percent=&#8221;50&#8243; back_color=&#8221;color-lxmt&#8221; overlay_alpha=&#8221;50&#8243; gutter_size=&#8221;3&#8243; shift_y=&#8221;0&#8243; z_index=&#8221;0&#8243; css=&#8221;.vc_custom_1626098441467{margin-top: 0px !important;}&#8221;][vc_column_inner column_width_percent=&#8221;100&#8243; gutter_size=&#8221;3&#8243; override_padding=&#8221;yes&#8221; column_padding=&#8221;4&#8243; overlay_alpha=&#8221;50&#8243; shift_x=&#8221;0&#8243; shift_y=&#8221;0&#8243; shift_y_down=&#8221;0&#8243; z_index=&#8221;0&#8243; medium_width=&#8221;0&#8243; mobile_width=&#8221;0&#8243; width=&#8221;1\/1&#8243;][vc_column_text]<span class=\"font-202503 font-377884\">Gli articoli di riferimento del regolamento 679\/2016 (GDPR) per i punti elencati, sono i seguenti:\u00a024; 32; 35; 30; 28; 26; 13; 14; 29.<\/span><\/p>\n<p><span class=\"font-202503 font-377884\">Per garantire la conformit\u00e0 nel tempo e gli aggiornamenti necessari, \u00e8 possibile usufruire dell\u2019assistenza continua e\/o di un audit periodico, tipicamente annuale, durante il quale sar\u00e0 possibile confrontarsi con un esperto.<\/span><\/p>\n<p><span class=\"font-202503 font-377884\">Kruzer \u00e8 partner di aziende operanti nei settori pi\u00f9 diversi: meccanica; food; tecnologia; farmaceutica; grande distribuzione; sanit\u00e0; etc. L\u2019esperienza acquisita, le consente di proporre le migliori soluzioni di adeguamento documentale e di processo, oltre che di trovare le soluzioni ai problemi di privacy pi\u00f9 idonee per l\u2019impresa.<\/span>[\/vc_column_text][\/vc_column_inner][\/vc_row_inner][\/vc_column][\/vc_row][vc_row row_height_percent=&#8221;0&#8243; override_padding=&#8221;yes&#8221; h_padding=&#8221;2&#8243; top_padding=&#8221;5&#8243; bottom_padding=&#8221;5&#8243; overlay_alpha=&#8221;100&#8243; gutter_size=&#8221;100&#8243; column_width_percent=&#8221;100&#8243; shift_y=&#8221;0&#8243; z_index=&#8221;0&#8243; style=&#8221;inherited&#8221;][vc_column column_width_use_pixel=&#8221;yes&#8221; align_horizontal=&#8221;align_center&#8221; gutter_size=&#8221;4&#8243; overlay_alpha=&#8221;100&#8243; shift_x=&#8221;0&#8243; shift_y=&#8221;0&#8243; shift_y_down=&#8221;0&#8243; z_index=&#8221;0&#8243; medium_width=&#8221;100&#8243; mobile_width=&#8221;0&#8243; zoom_width=&#8221;0&#8243; zoom_height=&#8221;0&#8243; width=&#8221;1\/1&#8243; column_width_pixel=&#8221;1000&#8243;][vc_row_inner row_inner_height_percent=&#8221;0&#8243; overlay_alpha=&#8221;100&#8243; gutter_size=&#8221;3&#8243; shift_y=&#8221;0&#8243; limit_content=&#8221;&#8221;][vc_column_inner column_width_use_pixel=&#8221;yes&#8221; align_horizontal=&#8221;align_center&#8221; gutter_size=&#8221;3&#8243; overlay_alpha=&#8221;100&#8243; shift_x=&#8221;0&#8243; shift_y=&#8221;0&#8243; shift_y_down=&#8221;0&#8243; z_index=&#8221;0&#8243; medium_width=&#8221;0&#8243; mobile_width=&#8221;0&#8243; zoom_width=&#8221;0&#8243; zoom_height=&#8221;0&#8243; width=&#8221;1\/1&#8243; column_width_pixel=&#8221;900&#8243;][vc_custom_heading text_size=&#8221;h1&#8243; text_transform=&#8221;uppercase&#8221; text_space=&#8221;fontspace-781688&#8243;]Parla con noi![\/vc_custom_heading][\/vc_column_inner][\/vc_row_inner]<div role=\"form\" class=\"wpcf7\" id=\"wpcf7-f89159-o1\" lang=\"en-US\" dir=\"ltr\">\n<div class=\"screen-reader-response\"><p role=\"status\" aria-live=\"polite\" aria-atomic=\"true\"><\/p> <ul><\/ul><\/div>\n<form action=\"\/kruzer\/wp-json\/wp\/v2\/pages\/88631#wpcf7-f89159-o1\" method=\"post\" class=\"wpcf7-form init input-underline form-no-labels\" novalidate=\"novalidate\" data-status=\"init\">\n<div style=\"display: none;\">\n<input type=\"hidden\" name=\"_wpcf7\" value=\"89159\" \/>\n<input type=\"hidden\" name=\"_wpcf7_version\" value=\"5.5.4\" \/>\n<input type=\"hidden\" name=\"_wpcf7_locale\" value=\"en_US\" \/>\n<input type=\"hidden\" name=\"_wpcf7_unit_tag\" value=\"wpcf7-f89159-o1\" \/>\n<input type=\"hidden\" name=\"_wpcf7_container_post\" value=\"0\" \/>\n<input type=\"hidden\" name=\"_wpcf7_posted_data_hash\" value=\"\" \/>\n<\/div>\n<p><span class=\"wpcf7-form-control-wrap your-fullname\"><input type=\"text\" name=\"your-fullname\" value=\"\" size=\"40\" class=\"wpcf7-form-control wpcf7-text wpcf7-validates-as-required form-fluid\" aria-required=\"true\" aria-invalid=\"false\" placeholder=\"* Nome e cognome\" \/><\/span><\/p>\n<p><span class=\"wpcf7-form-control-wrap your-company\"><input type=\"text\" name=\"your-company\" value=\"\" size=\"40\" class=\"wpcf7-form-control wpcf7-text wpcf7-validates-as-required form-fluid\" aria-required=\"true\" aria-invalid=\"false\" placeholder=\"* Azienda\" \/><\/span><\/p>\n<p><span class=\"wpcf7-form-control-wrap your-email\"><input type=\"email\" name=\"your-email\" value=\"\" size=\"40\" class=\"wpcf7-form-control wpcf7-text wpcf7-email wpcf7-validates-as-required wpcf7-validates-as-email form-fluid\" aria-required=\"true\" aria-invalid=\"false\" placeholder=\"* E-mail\" \/><\/span><\/p>\n<p><span class=\"wpcf7-form-control-wrap your-phone\"><input type=\"text\" name=\"your-phone\" value=\"\" size=\"40\" class=\"wpcf7-form-control wpcf7-text form-fluid\" aria-invalid=\"false\" placeholder=\"Telefono\" \/><\/span><\/p>\n<p><span class=\"wpcf7-form-control-wrap your-message\"><textarea name=\"your-message\" cols=\"40\" rows=\"8\" class=\"wpcf7-form-control wpcf7-textarea wpcf7-validates-as-required\" aria-required=\"true\" aria-invalid=\"false\" placeholder=\"* Messaggio\"><\/textarea><\/span> <\/p>\n<p class=\"text-left\">\n<span class=\"wpcf7-form-control-wrap acceptance-667\"><span class=\"wpcf7-form-control wpcf7-acceptance\"><span class=\"wpcf7-list-item\"><label><input type=\"checkbox\" name=\"acceptance-667\" value=\"1\" aria-invalid=\"false\" \/><span class=\"wpcf7-list-item-label\">* Acconsento al trattamento dei miei dati e\ndichiaro di aver preso visione delle <a href=\"http:\/\/213.140.24.242\/kruzer\/informative-privacy\/\" target=\"_blank\">Informative Privacy<\/a><\/span><\/label><\/span><\/span><\/span>\n<\/p>\n<p class=\"text-left\">\n<span class=\"wpcf7-form-control-wrap acceptance-668\"><span class=\"wpcf7-form-control wpcf7-acceptance optional\"><span class=\"wpcf7-list-item\"><label><input type=\"checkbox\" name=\"acceptance-668\" value=\"1\" aria-invalid=\"false\" \/><span class=\"wpcf7-list-item-label\">Desidero ricevere la vostra newsletter sulle novit\u00e0 riguardanti il tema della privacy e della protezione dei dati<\/span><\/label><\/span><\/span><\/span>\n<\/p>\n<p class=\"text-left\"><input type=\"submit\" value=\"INVIA\" class=\"wpcf7-form-control has-spinner wpcf7-submit btn btn-accent btn-circle\" \/><\/p>\n<input type='hidden' class='wpcf7-pum' value='{\"closepopup\":false,\"closedelay\":0,\"openpopup\":false,\"openpopup_id\":0}' \/><div class=\"wpcf7-response-output\" aria-hidden=\"true\"><\/div><\/form><\/div>[\/vc_column][\/vc_row]<\/p>\n","protected":false},"excerpt":{"rendered":"<p>[vc_row unlock_row_content=&#8221;yes&#8221; row_height_percent=&#8221;50&#8243; override_padding=&#8221;yes&#8221; h_padding=&#8221;0&#8243; top_padding=&#8221;0&#8243; bottom_padding=&#8221;0&#8243; overlay_alpha=&#8221;50&#8243; equal_height=&#8221;yes&#8221; gutter_size=&#8221;0&#8243; column_width_percent=&#8221;100&#8243; shift_y=&#8221;0&#8243; z_index=&#8221;0&#8243;][vc_column width=&#8221;1\/2&#8243;][vc_row_inner row_inner_height_percent=&#8221;50&#8243; back_color=&#8221;color-lxmt&#8221; overlay_alpha=&#8221;50&#8243; gutter_size=&#8221;3&#8243; shift_y=&#8221;0&#8243; z_index=&#8221;0&#8243;][vc_column_inner [&hellip;]<\/p>\n","protected":false},"author":2,"featured_media":88293,"parent":0,"menu_order":0,"comment_status":"closed","ping_status":"closed","template":"","meta":{"footnotes":""},"class_list":["post-88631","page","type-page","status-publish","has-post-thumbnail","hentry"],"yoast_head":"<!-- This site is optimized with the Yoast SEO plugin v17.9 - https:\/\/yoast.com\/wordpress\/plugins\/seo\/ -->\n<title>Aziende - Kruzer<\/title>\n<meta name=\"robots\" content=\"index, follow, max-snippet:-1, max-image-preview:large, max-video-preview:-1\" \/>\n<link rel=\"canonical\" href=\"http:\/\/213.140.24.242\/kruzer\/aziende\/\" \/>\n<meta property=\"og:locale\" content=\"it_IT\" \/>\n<meta property=\"og:type\" content=\"article\" \/>\n<meta property=\"og:title\" content=\"Aziende - Kruzer\" \/>\n<meta property=\"og:description\" content=\"[vc_row unlock_row_content=&#8221;yes&#8221; row_height_percent=&#8221;50&#8243; override_padding=&#8221;yes&#8221; h_padding=&#8221;0&#8243; top_padding=&#8221;0&#8243; bottom_padding=&#8221;0&#8243; overlay_alpha=&#8221;50&#8243; equal_height=&#8221;yes&#8221; gutter_size=&#8221;0&#8243; column_width_percent=&#8221;100&#8243; shift_y=&#8221;0&#8243; z_index=&#8221;0&#8243;][vc_column width=&#8221;1\/2&#8243;][vc_row_inner row_inner_height_percent=&#8221;50&#8243; back_color=&#8221;color-lxmt&#8221; overlay_alpha=&#8221;50&#8243; gutter_size=&#8221;3&#8243; shift_y=&#8221;0&#8243; z_index=&#8221;0&#8243;][vc_column_inner [&hellip;]\" \/>\n<meta property=\"og:url\" content=\"http:\/\/213.140.24.242\/kruzer\/aziende\/\" \/>\n<meta property=\"og:site_name\" content=\"Kruzer\" \/>\n<meta property=\"article:modified_time\" content=\"2021-08-02T08:44:24+00:00\" \/>\n<meta property=\"og:image\" content=\"http:\/\/213.140.24.242\/kruzer\/wp-content\/uploads\/2021\/05\/Privacy-immobiliare.png\" \/>\n\t<meta property=\"og:image:width\" content=\"1633\" \/>\n\t<meta property=\"og:image:height\" content=\"953\" \/>\n\t<meta property=\"og:image:type\" content=\"image\/png\" \/>\n<meta name=\"twitter:card\" content=\"summary_large_image\" \/>\n<meta name=\"twitter:label1\" content=\"Tempo di lettura stimato\" \/>\n\t<meta name=\"twitter:data1\" content=\"3 minuti\" \/>\n<script type=\"application\/ld+json\" class=\"yoast-schema-graph\">{\"@context\":\"https:\/\/schema.org\",\"@graph\":[{\"@type\":\"WebSite\",\"@id\":\"http:\/\/213.140.24.242\/kruzer\/#website\",\"url\":\"http:\/\/213.140.24.242\/kruzer\/\",\"name\":\"Kruzer\",\"description\":\"Un nuovo sito targato WordPress\",\"potentialAction\":[{\"@type\":\"SearchAction\",\"target\":{\"@type\":\"EntryPoint\",\"urlTemplate\":\"http:\/\/213.140.24.242\/kruzer\/?s={search_term_string}\"},\"query-input\":\"required name=search_term_string\"}],\"inLanguage\":\"it-IT\"},{\"@type\":\"ImageObject\",\"@id\":\"http:\/\/213.140.24.242\/kruzer\/aziende\/#primaryimage\",\"inLanguage\":\"it-IT\",\"url\":\"http:\/\/213.140.24.242\/kruzer\/wp-content\/uploads\/2021\/05\/Privacy-immobiliare.png\",\"contentUrl\":\"http:\/\/213.140.24.242\/kruzer\/wp-content\/uploads\/2021\/05\/Privacy-immobiliare.png\",\"width\":1633,\"height\":953},{\"@type\":\"WebPage\",\"@id\":\"http:\/\/213.140.24.242\/kruzer\/aziende\/#webpage\",\"url\":\"http:\/\/213.140.24.242\/kruzer\/aziende\/\",\"name\":\"Aziende - Kruzer\",\"isPartOf\":{\"@id\":\"http:\/\/213.140.24.242\/kruzer\/#website\"},\"primaryImageOfPage\":{\"@id\":\"http:\/\/213.140.24.242\/kruzer\/aziende\/#primaryimage\"},\"datePublished\":\"2021-06-29T11:19:50+00:00\",\"dateModified\":\"2021-08-02T08:44:24+00:00\",\"breadcrumb\":{\"@id\":\"http:\/\/213.140.24.242\/kruzer\/aziende\/#breadcrumb\"},\"inLanguage\":\"it-IT\",\"potentialAction\":[{\"@type\":\"ReadAction\",\"target\":[\"http:\/\/213.140.24.242\/kruzer\/aziende\/\"]}]},{\"@type\":\"BreadcrumbList\",\"@id\":\"http:\/\/213.140.24.242\/kruzer\/aziende\/#breadcrumb\",\"itemListElement\":[{\"@type\":\"ListItem\",\"position\":1,\"name\":\"Home\",\"item\":\"http:\/\/213.140.24.242\/kruzer\/\"},{\"@type\":\"ListItem\",\"position\":2,\"name\":\"Aziende\"}]}]}<\/script>\n<!-- \/ Yoast SEO plugin. -->","yoast_head_json":{"title":"Aziende - Kruzer","robots":{"index":"index","follow":"follow","max-snippet":"max-snippet:-1","max-image-preview":"max-image-preview:large","max-video-preview":"max-video-preview:-1"},"canonical":"http:\/\/213.140.24.242\/kruzer\/aziende\/","og_locale":"it_IT","og_type":"article","og_title":"Aziende - Kruzer","og_description":"[vc_row unlock_row_content=&#8221;yes&#8221; row_height_percent=&#8221;50&#8243; override_padding=&#8221;yes&#8221; h_padding=&#8221;0&#8243; top_padding=&#8221;0&#8243; bottom_padding=&#8221;0&#8243; overlay_alpha=&#8221;50&#8243; equal_height=&#8221;yes&#8221; gutter_size=&#8221;0&#8243; column_width_percent=&#8221;100&#8243; shift_y=&#8221;0&#8243; z_index=&#8221;0&#8243;][vc_column width=&#8221;1\/2&#8243;][vc_row_inner row_inner_height_percent=&#8221;50&#8243; back_color=&#8221;color-lxmt&#8221; overlay_alpha=&#8221;50&#8243; gutter_size=&#8221;3&#8243; shift_y=&#8221;0&#8243; z_index=&#8221;0&#8243;][vc_column_inner [&hellip;]","og_url":"http:\/\/213.140.24.242\/kruzer\/aziende\/","og_site_name":"Kruzer","article_modified_time":"2021-08-02T08:44:24+00:00","og_image":[{"width":1633,"height":953,"url":"http:\/\/213.140.24.242\/kruzer\/wp-content\/uploads\/2021\/05\/Privacy-immobiliare.png","type":"image\/png"}],"twitter_card":"summary_large_image","twitter_misc":{"Tempo di lettura stimato":"3 minuti"},"schema":{"@context":"https:\/\/schema.org","@graph":[{"@type":"WebSite","@id":"http:\/\/213.140.24.242\/kruzer\/#website","url":"http:\/\/213.140.24.242\/kruzer\/","name":"Kruzer","description":"Un nuovo sito targato WordPress","potentialAction":[{"@type":"SearchAction","target":{"@type":"EntryPoint","urlTemplate":"http:\/\/213.140.24.242\/kruzer\/?s={search_term_string}"},"query-input":"required name=search_term_string"}],"inLanguage":"it-IT"},{"@type":"ImageObject","@id":"http:\/\/213.140.24.242\/kruzer\/aziende\/#primaryimage","inLanguage":"it-IT","url":"http:\/\/213.140.24.242\/kruzer\/wp-content\/uploads\/2021\/05\/Privacy-immobiliare.png","contentUrl":"http:\/\/213.140.24.242\/kruzer\/wp-content\/uploads\/2021\/05\/Privacy-immobiliare.png","width":1633,"height":953},{"@type":"WebPage","@id":"http:\/\/213.140.24.242\/kruzer\/aziende\/#webpage","url":"http:\/\/213.140.24.242\/kruzer\/aziende\/","name":"Aziende - Kruzer","isPartOf":{"@id":"http:\/\/213.140.24.242\/kruzer\/#website"},"primaryImageOfPage":{"@id":"http:\/\/213.140.24.242\/kruzer\/aziende\/#primaryimage"},"datePublished":"2021-06-29T11:19:50+00:00","dateModified":"2021-08-02T08:44:24+00:00","breadcrumb":{"@id":"http:\/\/213.140.24.242\/kruzer\/aziende\/#breadcrumb"},"inLanguage":"it-IT","potentialAction":[{"@type":"ReadAction","target":["http:\/\/213.140.24.242\/kruzer\/aziende\/"]}]},{"@type":"BreadcrumbList","@id":"http:\/\/213.140.24.242\/kruzer\/aziende\/#breadcrumb","itemListElement":[{"@type":"ListItem","position":1,"name":"Home","item":"http:\/\/213.140.24.242\/kruzer\/"},{"@type":"ListItem","position":2,"name":"Aziende"}]}]}},"_links":{"self":[{"href":"http:\/\/213.140.24.242\/kruzer\/wp-json\/wp\/v2\/pages\/88631","targetHints":{"allow":["GET"]}}],"collection":[{"href":"http:\/\/213.140.24.242\/kruzer\/wp-json\/wp\/v2\/pages"}],"about":[{"href":"http:\/\/213.140.24.242\/kruzer\/wp-json\/wp\/v2\/types\/page"}],"author":[{"embeddable":true,"href":"http:\/\/213.140.24.242\/kruzer\/wp-json\/wp\/v2\/users\/2"}],"replies":[{"embeddable":true,"href":"http:\/\/213.140.24.242\/kruzer\/wp-json\/wp\/v2\/comments?post=88631"}],"version-history":[{"count":29,"href":"http:\/\/213.140.24.242\/kruzer\/wp-json\/wp\/v2\/pages\/88631\/revisions"}],"predecessor-version":[{"id":89325,"href":"http:\/\/213.140.24.242\/kruzer\/wp-json\/wp\/v2\/pages\/88631\/revisions\/89325"}],"wp:featuredmedia":[{"embeddable":true,"href":"http:\/\/213.140.24.242\/kruzer\/wp-json\/wp\/v2\/media\/88293"}],"wp:attachment":[{"href":"http:\/\/213.140.24.242\/kruzer\/wp-json\/wp\/v2\/media?parent=88631"}],"curies":[{"name":"wp","href":"https:\/\/api.w.org\/{rel}","templated":true}]}}